{"id":1433,"date":"2025-10-30T09:54:18","date_gmt":"2025-10-30T08:54:18","guid":{"rendered":"https:\/\/dev.jardindigital.com\/www.betatec.lu?page_id=1433"},"modified":"2025-10-31T08:33:24","modified_gmt":"2025-10-31T07:33:24","slug":"impressum","status":"publish","type":"page","link":"https:\/\/www.betatec.lu\/de\/impressum\/","title":{"rendered":"Impressum"},"content":{"rendered":"<div class=\"wpb-content-wrapper\"><p>[vc_row][vc_column width=&#8220;1\/2&#8243;][vc_column_text]<\/p>\n<h3 style=\"text-align: right;\"><strong>Verantwortlicher Herausgeber:<\/strong><\/h3>\n<p>[\/vc_column_text][\/vc_column][vc_column width=&#8220;1\/2&#8243;][vc_column_text]BETATEC Ing\u00e9nieurs-conseils S\u00e0rl<\/p>\n<p>Centre Alswee<br \/>\n3, ZAE am Clemensbongert<br \/>\nL-9158 Heiderscheid<\/p>\n<p>Tel.: +352 26877596<br \/>\nE-Mail: info@betatec.lu<\/p>\n<p>NwSt. ID: LU 30706212[\/vc_column_text][\/vc_column][\/vc_row][vc_row][vc_column width=&#8220;1\/2&#8243;][vc_column_text]<\/p>\n<h3 style=\"text-align: right;\"><strong>Rechtlicher Hinweis:<\/strong><\/h3>\n<p>[\/vc_column_text][\/vc_column][vc_column width=&#8220;1\/2&#8243;][vc_column_text]Der Inhalt dieser Website wurde mit gr\u00f6\u00dfter Sorgfalt erstellt. Er wird st\u00e4ndig \u00fcberpr\u00fcft und aktualisiert. Dennoch kann keine Haftung oder Garantie f\u00fcr die Richtigkeit, Aktualit\u00e4t und Vollst\u00e4ndigkeit der enthaltenen Informationen \u00fcbernommen werden. Das Unternehmen haftet nicht f\u00fcr Sch\u00e4den, die direkt oder indirekt aus der Nutzung dieser Website entstehen, es sei denn, sie beruhen auf Vorsatz oder grober Fahrl\u00e4ssigkeit. Wenn diese Website \u00fcber Hyperlinks auf andere Websites Dritter verweist, \u00fcbernimmt das Unternehmen keine Verantwortung f\u00fcr deren Inhalt.<\/p>\n<p>Das Unternehmen beh\u00e4lt sich das Recht vor, jederzeit \u00c4nderungen und Erg\u00e4nzungen an den bereitgestellten Informationen vorzunehmen.<\/p>\n<p>Alle Rechte vorbehalten. Die Texte und Bilder sowie deren Anordnung auf der Website des Unternehmens unterliegen dem Schutz des Urheberrechts und anderer Schutzbestimmungen. Der Inhalt dieser Website darf nicht zu kommerziellen Zwecken kopiert, verbreitet, ver\u00e4ndert oder Dritten zug\u00e4nglich gemacht werden.[\/vc_column_text][\/vc_column][\/vc_row][vc_row][vc_column width=&#8220;1\/2&#8243;][vc_column_text]<\/p>\n<h3 style=\"text-align: right;\"><strong>Webdesign &amp; Realisierung:<\/strong><\/h3>\n<p>[\/vc_column_text][\/vc_column][vc_column width=&#8220;1\/2&#8243;][vc_column_text]<a href=\"https:\/\/www.designagentur.be\/\" target=\"_blank\" rel=\"noopener noreferrer\"><strong>Die Designagentur \u2013 Leifgen<\/strong><\/a>[\/vc_column_text][\/vc_column][\/vc_row][vc_row][vc_column width=&#8220;1\/2&#8243;][\/vc_column][vc_column width=&#8220;1\/2&#8243;][\/vc_column][\/vc_row]<\/p>\n<\/div>","protected":false},"excerpt":{"rendered":"<p>[vc_row][vc_column width=&#8220;1\/2&#8243;][vc_column_text] Verantwortlicher Herausgeber: [\/vc_column_text][\/vc_column][vc_column width=&#8220;1\/2&#8243;][vc_column_text]BETATEC Ing\u00e9nieurs-conseils S\u00e0rl Centre Alswee 3, ZAE am Clemensbongert L-9158 Heiderscheid Tel.: +352 26877596 E-Mail: info@betatec.lu NwSt. ID: LU 30706212[\/vc_column_text][\/vc_column][\/vc_row][vc_row][vc_column width=&#8220;1\/2&#8243;][vc_column_text] Rechtlicher Hinweis: [\/vc_column_text][\/vc_column][vc_column width=&#8220;1\/2&#8243;][vc_column_text]Der Inhalt dieser Website wurde mit gr\u00f6\u00dfter Sorgfalt erstellt. Er wird st\u00e4ndig \u00fcberpr\u00fcft und aktualisiert. Dennoch kann keine Haftung oder Garantie f\u00fcr die Richtigkeit, Aktualit\u00e4t und [&hellip;]<\/p>\n","protected":false},"author":1,"featured_media":0,"parent":0,"menu_order":0,"comment_status":"closed","ping_status":"closed","template":"page-templates\/template-fullwidth.php","meta":{"footnotes":""},"class_list":["post-1433","page","type-page","status-publish","hentry"],"_links":{"self":[{"href":"https:\/\/www.betatec.lu\/de\/wp-json\/wp\/v2\/pages\/1433","targetHints":{"allow":["GET"]}}],"collection":[{"href":"https:\/\/www.betatec.lu\/de\/wp-json\/wp\/v2\/pages"}],"about":[{"href":"https:\/\/www.betatec.lu\/de\/wp-json\/wp\/v2\/types\/page"}],"author":[{"embeddable":true,"href":"https:\/\/www.betatec.lu\/de\/wp-json\/wp\/v2\/users\/1"}],"replies":[{"embeddable":true,"href":"https:\/\/www.betatec.lu\/de\/wp-json\/wp\/v2\/comments?post=1433"}],"version-history":[{"count":10,"href":"https:\/\/www.betatec.lu\/de\/wp-json\/wp\/v2\/pages\/1433\/revisions"}],"predecessor-version":[{"id":1513,"href":"https:\/\/www.betatec.lu\/de\/wp-json\/wp\/v2\/pages\/1433\/revisions\/1513"}],"wp:attachment":[{"href":"https:\/\/www.betatec.lu\/de\/wp-json\/wp\/v2\/media?parent=1433"}],"curies":[{"name":"wp","href":"https:\/\/api.w.org\/{rel}","templated":true}]}}